{"id":48,"date":"2016-07-25T06:26:43","date_gmt":"2016-07-24T21:26:43","guid":{"rendered":"http:\/\/www.smilenishiki.com\/?page_id=48"},"modified":"2023-03-16T18:08:00","modified_gmt":"2023-03-16T09:08:00","slug":"%e9%80%9a%e9%99%a2%e3%81%ab%e4%be%bf%e5%88%a9%e3%81%aa%e4%bc%8f%e8%a6%8b%e9%a7%85%e3%81%99%e3%81%90","status":"publish","type":"page","link":"https:\/\/www.smilenishiki.com\/","title":{"rendered":"\u533b\u9662\u6982\u8981"},"content":{"rendered":"<h3><img loading=\"lazy\" decoding=\"async\" class=\"wp-image-41 alignright\" src=\"http:\/\/www.smilenishiki.com\/wp-content\/uploads\/2016\/07\/64adaa8cc3b3efeab552b446e4ff2840-225x300.jpg\" alt=\"160724\u30b9\u30de\u30a4\u30eb\u9326\u30d3\u30eb\u5199\u771f\u8abf\u6574\u5f8c\" width=\"170\" height=\"227\" srcset=\"https:\/\/www.smilenishiki.com\/wp-content\/uploads\/2016\/07\/64adaa8cc3b3efeab552b446e4ff2840-225x300.jpg 225w, https:\/\/www.smilenishiki.com\/wp-content\/uploads\/2016\/07\/64adaa8cc3b3efeab552b446e4ff2840.jpg 500w\" sizes=\"auto, (max-width: 170px) 100vw, 170px\" \/>\u3054\u3042\u3044\u3055\u3064<\/h3>\n<p><span style=\"color: #ff0000;\">\u4f0f\u898b\u99c51\u756a\u51fa\u53e3\u304b\u3089\u5f92\u6b69\u6570\u79d2<\/span>\u306e\u597d\u7acb\u5730\u3068<span style=\"color: #0000ff;\">\u571f\u66dc\u65e5\u5348\u524d\u8a3a\u7642\u304c\u3042\u308b\u3053\u3068<\/span>\u304b\u3089\u3001\u304a\u4ed5\u4e8b\u3092\u3055\u308c\u3066\u3044\u308b\u65b9\u306b\u3082\u901a\u9662\u3057\u3084\u3059\u3044\u3053\u3068\u304c\u7279\u5fb4\u3067\u3059\u3002<\/p>\n<p>\u4e00\u822c\u6b6f\u79d1\u304b\u3089\u30a4\u30f3\u30d7\u30e9\u30f3\u30c8\u307e\u3067\u5e45\u5e83\u304f\u5bfe\u5fdc\u3044\u305f\u3057\u307e\u3059\u3002\u307e\u305f\u3001\u6025\u60a3\u306e\u5834\u5408\u306f\u3054\u9023\u7d61\u304f\u3060\u3055\u3044\u3002<\/p>\n<p>\u9662\u9577\u3000\u52a0\u85e4\u4fe1\u7fa9<\/p>\n<p>TEL\uff1a<a href=\"tel:0522221117\">052-222-1117<\/a><\/p>\n<h3>24\u6642\u9593\u30cd\u30c3\u30c8\u4e88\u7d04\u624b\u9806<\/h3>\n<ol>\n<li>\u4e0b\u8a18\u30d5\u30a9\u30fc\u30e0\u306b\u5fc5\u8981\u4e8b\u9805\u3092\u5165\u529b\uff08\u8a3a\u7642\u6642\u9593\u306f\u4e0b\u8a18\u3092\u3054\u53c2\u7167\u304f\u3060\u3055\u3044\uff09<\/li>\n<li>\u9001\u4fe1<\/li>\n<li>\u533b\u9662\u304b\u3089\u306e\u9023\u7d61\u5f85\u3061<\/li>\n<\/ol>\n<div class=\"supplement warning\">\u3054\u4e88\u7d04\u6642\u3001\u5fc5\u305a\u53d7\u8a3a\u3057\u305f\u4e88\u7d04\u30e1\u30fc\u30eb\u3092\u3054\u78ba\u8a8d\u3057\u3066\u304f\u3060\u3055\u3044\u3002\u8a2d\u5b9a\uff08\u8ff7\u60d1\u30e1\u30fc\u30eb\u7b49\uff09\u3084\u30e1\u30fc\u30eb\u306e\u5165\u529b\u30df\u30b9\u306a\u3069\u306b\u3088\u308a\u4e88\u7d04\u3067\u304d\u3066\u3044\u306a\u3044\u30b1\u30fc\u30b9\u304c\u3042\u308a\u307e\u3059\u3002<\/p>\n<p>\u203b<span style=\"color: #0000ff;\">\u533b\u9662\u304b\u3089\u306e\u3054\u9023\u7d61\u306b\u3088\u308a\u4e88\u7d04\u78ba\u5b9a<\/span>\u3068\u306a\u308a\u307e\u3059\u3002<\/div>\n<p>\u6b21\u306e\u5834\u5408\u306f\u304a\u96fb\u8a71\u3092\u304a\u9858\u3044\u3057\u307e\u3059\u3002<\/p>\n<ul>\n<li>\u5909\u66f4\u3084\u53d6\u308a\u6d88\u3057\u306e\u3054\u9023\u7d61<\/li>\n<li>\u533b\u9662\u304b\u3089\u306e\u4e88\u7d04\u78ba\u8a8d\u304c\u306a\u3044\u5834\u5408<\/li>\n<\/ul>\n<hr \/>\n\n<div class=\"wpcf7 no-js\" id=\"wpcf7-f45-o1\" lang=\"ja\" dir=\"ltr\" data-wpcf7-id=\"45\">\n<div class=\"screen-reader-response\"><p role=\"status\" aria-live=\"polite\" aria-atomic=\"true\"><\/p> <ul><\/ul><\/div>\n<form action=\"\/index.php?rest_route=%2Fwp%2Fv2%2Fpages%2F48#wpcf7-f45-o1\" method=\"post\" class=\"wpcf7-form init\" aria-label=\"\u30b3\u30f3\u30bf\u30af\u30c8\u30d5\u30a9\u30fc\u30e0\" novalidate=\"novalidate\" data-status=\"init\">\n<fieldset class=\"hidden-fields-container\"><input type=\"hidden\" name=\"_wpcf7\" value=\"45\" \/><input type=\"hidden\" name=\"_wpcf7_version\" value=\"6.1.5\" \/><input type=\"hidden\" name=\"_wpcf7_locale\" value=\"ja\" \/><input type=\"hidden\" name=\"_wpcf7_unit_tag\" value=\"wpcf7-f45-o1\" \/><input type=\"hidden\" name=\"_wpcf7_container_post\" value=\"0\" \/><input type=\"hidden\" name=\"_wpcf7_posted_data_hash\" value=\"\" \/><input type=\"hidden\" name=\"_wpcf7_recaptcha_response\" value=\"\" \/>\n<\/fieldset>\n<p>\u304a\u540d\u524d <span style=\"color:white;margin-left:10px;background-color:red;padding:3px;font-size:small;\">\u5fc5\u9808<\/span>\n<\/p>\n<p><span class=\"wpcf7-form-control-wrap\" data-name=\"your-name\"><input size=\"40\" maxlength=\"400\" class=\"wpcf7-form-control wpcf7-text wpcf7-validates-as-required\" aria-required=\"true\" aria-invalid=\"false\" placeholder=\"\u4f8b\uff1a\u5c71\u7530\u592a\u90ce\" value=\"\" type=\"text\" name=\"your-name\" \/><\/span>\n<\/p>\n<p>\u30e1\u30fc\u30eb\u30a2\u30c9\u30ec\u30b9 <span style=\"color:white;margin-left:10px;background-color:red;padding:3px;font-size:small;\">\u5fc5\u9808<\/span>\n<\/p>\n<p><span class=\"wpcf7-form-control-wrap\" data-name=\"your-email\"><input size=\"40\" maxlength=\"400\" class=\"wpcf7-form-control wpcf7-email wpcf7-validates-as-required wpcf7-text wpcf7-validates-as-email\" aria-required=\"true\" aria-invalid=\"false\" placeholder=\"\u4f8b\uff1a\u00d7\u00d7\u00d7@\u00d7\u00d7\u00d7.com\" value=\"\" type=\"email\" name=\"your-email\" \/><\/span>\n<\/p>\n<p>\u96fb\u8a71\u756a\u53f7\uff08\u534a\u89d2\u82f1\u6570\u3001\u30cf\u30a4\u30d5\u30f3\u306a\u3057\uff09<span style=\"color:white;margin-left:10px;background-color:red;padding:3px;font-size:small;\">\u5fc5\u9808<\/span>\n<\/p>\n<p><span class=\"wpcf7-form-control-wrap\" data-name=\"tel-398\"><input size=\"40\" maxlength=\"400\" class=\"wpcf7-form-control wpcf7-tel wpcf7-validates-as-required wpcf7-text wpcf7-validates-as-tel\" aria-required=\"true\" aria-invalid=\"false\" placeholder=\"\u4f8b\uff1a08000000000\" value=\"\" type=\"tel\" name=\"tel-398\" \/><\/span>\n<\/p>\n<p>\u3054\u5e0c\u671b\u65e5<span style=\"color:white;margin-left:10px;background-color:red;padding:3px;font-size:small;\">\u5fc5\u9808<\/span>\u3000\u4f11\u8a3a\u65e5\u306f\u9664\u304d\u307e\u3059\u3002\u8a3a\u7642\u6642\u9593\u3092\u3054\u78ba\u8a8d\u304f\u3060\u3055\u3044\u3002\n<\/p>\n<p><span class=\"wpcf7-form-control-wrap\" data-name=\"date-419\"><input class=\"wpcf7-form-control wpcf7-date wpcf7-validates-as-required wpcf7-validates-as-date\" aria-required=\"true\" aria-invalid=\"false\" value=\"\" type=\"date\" name=\"date-419\" \/><\/span>\n<\/p>\n<p>\u3054\u5e0c\u671b\u6642\u9593<span style=\"color:white;margin-left:10px;background-color:red;padding:3px;font-size:small;\">\u5fc5\u9808<\/span>\n<\/p>\n<p><span class=\"wpcf7-form-control-wrap\" data-name=\"menu-25\"><select class=\"wpcf7-form-control wpcf7-select wpcf7-validates-as-required\" aria-required=\"true\" aria-invalid=\"false\" name=\"menu-25\"><option value=\"\u4f55\u6642\u3067\u3082OK\">\u4f55\u6642\u3067\u3082OK<\/option><option value=\"\u5348\u524d\u306a\u3089\u4f55\u6642\u3067\u3082OK\">\u5348\u524d\u306a\u3089\u4f55\u6642\u3067\u3082OK<\/option><option value=\"\u5348\u5f8c\u306a\u3089\u4f55\u6642\u3067\u3082OK\">\u5348\u5f8c\u306a\u3089\u4f55\u6642\u3067\u3082OK<\/option><option value=\"10:00~10:30\">10:00~10:30<\/option><option value=\"10:30~11:00\">10:30~11:00<\/option><option value=\"11:00~11:30\">11:00~11:30<\/option><option value=\"11:30~12:00\">11:30~12:00<\/option><option value=\"12:00~12:30\">12:00~12:30<\/option><option value=\"12:30~13:00\">12:30~13:00<\/option><option value=\"14:30~15:00\">14:30~15:00<\/option><option value=\"15:00~15:30\">15:00~15:30<\/option><option value=\"15:30~16:00\">15:30~16:00<\/option><option value=\"16:00~16:30\">16:00~16:30<\/option><option value=\"16:30~17:00\">16:30~17:00<\/option><option value=\"17:00~17:30\">17:00~17:30<\/option><option value=\"17:30~18:00\">17:30~18:00<\/option><option value=\"18:00~18:30\">18:00~18:30<\/option><option value=\"18:30~19:00\">18:30~19:00<\/option><option value=\"19:00~19:30\">19:00~19:30<\/option><\/select><\/span>\n<\/p>\n<p>\u3054\u9023\u7d61\u5148<span style=\"color:white;margin-left:10px;background-color:red;padding:3px;font-size:small;\">\u5fc5\u9808<\/span>\n<\/p>\n<p><span class=\"wpcf7-form-control-wrap\" data-name=\"radio-237\"><span class=\"wpcf7-form-control wpcf7-radio\"><span class=\"wpcf7-list-item first\"><input type=\"radio\" name=\"radio-237\" value=\"\u96fb\u8a71\" checked=\"checked\" \/><span class=\"wpcf7-list-item-label\">\u96fb\u8a71<\/span><\/span><span class=\"wpcf7-list-item\"><input type=\"radio\" name=\"radio-237\" value=\"\u30e1\u30fc\u30eb\" \/><span class=\"wpcf7-list-item-label\">\u30e1\u30fc\u30eb<\/span><\/span><span class=\"wpcf7-list-item last\"><input type=\"radio\" name=\"radio-237\" value=\"\u3069\u3061\u3089\u3067\u3082\" \/><span class=\"wpcf7-list-item-label\">\u3069\u3061\u3089\u3067\u3082<\/span><\/span><\/span><\/span>\n<\/p>\n<p>\u30e1\u30c3\u30bb\u30fc\u30b8\u6b04\n<\/p>\n<p><span class=\"wpcf7-form-control-wrap\" data-name=\"your-message\"><textarea cols=\"40\" rows=\"10\" maxlength=\"2000\" class=\"wpcf7-form-control wpcf7-textarea\" aria-invalid=\"false\" placeholder=\"\u4e88\u7d04\u306e\u7b2c\u4e8c\u5e0c\u671b\u304c\u3042\u308b\u5834\u5408\u3084\u30b3\u30e1\u30f3\u30c8\u304c\u3042\u308b\u5834\u5408\u306f\u3053\u3053\u306b\u3054\u8a18\u5165\u304f\u3060\u3055\u3044\u3002\" name=\"your-message\"><\/textarea><\/span>\n<\/p>\n<p><input class=\"wpcf7-form-control wpcf7-submit has-spinner\" type=\"submit\" value=\"\u9001\u4fe1\" \/>\n<\/p><p style=\"display: none !important;\" class=\"akismet-fields-container\" data-prefix=\"_wpcf7_ak_\"><label>&#916;<textarea name=\"_wpcf7_ak_hp_textarea\" cols=\"45\" rows=\"8\" maxlength=\"100\"><\/textarea><\/label><input type=\"hidden\" id=\"ak_js_1\" name=\"_wpcf7_ak_js\" value=\"145\"\/><script>document.getElementById( \"ak_js_1\" ).setAttribute( \"value\", ( new Date() ).getTime() );<\/script><\/p><div class=\"wpcf7-response-output\" aria-hidden=\"true\"><\/div>\n<\/form>\n<\/div>\n\n<p><a href=\"http:\/\/www.smilenishiki.com\/?page_id=114\" target=\"_blank\" rel=\"noopener\">\u203b\u30cd\u30c3\u30c8\u4e88\u7d04\u306b\u95a2\u3059\u308b\u6ce8\u610f\u4e8b\u9805<\/a><\/p>\n<p class=\"last\">\u3012460-0003<br \/>\n\u611b\u77e5\u770c\u540d\u53e4\u5c4b\u5e02\u4e2d\u533a\u93262-16-22 \u00a0\u7b2c2\u30d6\u30e9\u30b9\u30c8\u30f3\u30d3\u30eb4F<\/p>\n<h3>\u8a3a\u7642\u6642\u9593<\/h3>\n<p>\u5e73\u65e5\u300010:00\u301c13:00,14:30\u301c19:30<\/p>\n<p>\u571f\u66dc\u300010:00\u301c13:00<\/p>\n<table>\n<tbody>\n<tr>\n<td style=\"background-color: #d4fceb; text-align: center;\"><strong>\u8a3a\u7642\u6642\u9593<\/strong><\/td>\n<td style=\"background-color: #d4fceb; text-align: center;\"><strong>\u6708<\/strong><\/td>\n<td style=\"background-color: #d4fceb; text-align: center;\"><strong>\u706b<\/strong><\/td>\n<td style=\"background-color: #d4fceb; text-align: center;\"><strong>\u6c34<\/strong><\/td>\n<td style=\"background-color: #d4fceb; text-align: center;\"><strong>\u6728<\/strong><\/td>\n<td style=\"background-color: #d4fceb; text-align: center;\"><strong>\u91d1<\/strong><\/td>\n<td style=\"background-color: #d4fceb; text-align: center;\"><span style=\"color: #0000ff;\"><strong>\u571f<\/strong><\/span><\/td>\n<td style=\"background-color: #d4fceb; text-align: center;\"><span style=\"color: #ff0000;\"><strong>\u65e5<\/strong><\/span><\/td>\n<\/tr>\n<tr>\n<td style=\"text-align: center;\">10:00~13:00<\/td>\n<td style=\"text-align: center;\">\u25cb<\/td>\n<td style=\"text-align: center;\">\u25cb<\/td>\n<td style=\"text-align: center;\">\u25cb<\/td>\n<td style=\"text-align: center;\">\u25cb<\/td>\n<td style=\"text-align: center;\">\u25cb<\/td>\n<td style=\"text-align: center;\">\u25cb<\/td>\n<td style=\"text-align: center;\"><span style=\"color: #ff0000;\">\u4f11<\/span><\/td>\n<\/tr>\n<tr>\n<td style=\"text-align: center;\">14:30~19:30<\/td>\n<td style=\"text-align: center;\">\u25cb<\/td>\n<td style=\"text-align: center;\">\u25cb<\/td>\n<td style=\"text-align: center;\">\u25cb<\/td>\n<td style=\"text-align: center;\">\u25cb<\/td>\n<td style=\"text-align: center;\">\u25cb<\/td>\n<td style=\"text-align: center;\">\u00a0<span style=\"color: #ff0000;\">\u30fc<\/span><\/td>\n<td style=\"text-align: center;\"><span style=\"color: #ff0000;\">\u4f11<\/span><\/td>\n<\/tr>\n<\/tbody>\n<\/table>\n<p><span style=\"color: #ff0000;\">\u203b\u571f\u66dc\u5348\u5f8c\u3001\u65e5\u66dc\u65e5\u3001\u795d\u65e5\u306f\u4f11\u8a3a<\/span>\u3067\u3059\u3002<\/p>\n<h3>\u8a3a\u7642\u5185\u5bb9<\/h3>\n<ul>\n<li>\u4e00\u822c\u6b6f\u79d1<\/li>\n<li>\u5c0f\u5150\u6b6f\u79d1<\/li>\n<li>\u53e3\u8154\u5916\u79d1<\/li>\n<li>\u5165\u308c\u6b6f<\/li>\n<li>\u30db\u30ef\u30a4\u30c8\u30cb\u30f3\u30b0<\/li>\n<\/ul>\n","protected":false},"excerpt":{"rendered":"<p>\u3054\u3042\u3044\u3055\u3064 \u4f0f\u898b\u99c51\u756a\u51fa\u53e3\u304b\u3089\u5f92\u6b69\u6570\u79d2\u306e\u597d\u7acb\u5730\u3068\u571f\u66dc\u65e5\u5348\u524d\u8a3a\u7642\u304c\u3042\u308b\u3053\u3068\u304b\u3089\u3001\u304a\u4ed5\u4e8b\u3092\u3055\u308c\u3066\u3044\u308b\u65b9\u306b\u3082\u901a\u9662\u3057\u3084\u3059\u3044\u3053\u3068\u304c\u7279\u5fb4\u3067\u3059\u3002 \u4e00\u822c\u6b6f\u79d1\u304b\u3089\u30a4\u30f3\u30d7\u30e9\u30f3\u30c8\u307e\u3067\u5e45\u5e83\u304f\u5bfe\u5fdc\u3044\u305f\u3057\u307e\u3059\u3002\u307e\u305f\u3001\u6025\u60a3\u306e\u5834\u5408\u306f\u3054\u9023\u7d61\u304f\u3060\u3055\u3044\u3002 \u9662&#8230;<\/p>\n","protected":false},"author":1,"featured_media":41,"parent":0,"menu_order":0,"comment_status":"closed","ping_status":"closed","template":"","meta":{"footnotes":""},"tags":[],"class_list":["post-48","page","type-page","status-publish","has-post-thumbnail","article cf"],"aioseo_notices":[],"_links":{"self":[{"href":"https:\/\/www.smilenishiki.com\/index.php?rest_route=\/wp\/v2\/pages\/48","targetHints":{"allow":["GET"]}}],"collection":[{"href":"https:\/\/www.smilenishiki.com\/index.php?rest_route=\/wp\/v2\/pages"}],"about":[{"href":"https:\/\/www.smilenishiki.com\/index.php?rest_route=\/wp\/v2\/types\/page"}],"author":[{"embeddable":true,"href":"https:\/\/www.smilenishiki.com\/index.php?rest_route=\/wp\/v2\/users\/1"}],"replies":[{"embeddable":true,"href":"https:\/\/www.smilenishiki.com\/index.php?rest_route=%2Fwp%2Fv2%2Fcomments&post=48"}],"version-history":[{"count":31,"href":"https:\/\/www.smilenishiki.com\/index.php?rest_route=\/wp\/v2\/pages\/48\/revisions"}],"predecessor-version":[{"id":137,"href":"https:\/\/www.smilenishiki.com\/index.php?rest_route=\/wp\/v2\/pages\/48\/revisions\/137"}],"wp:featuredmedia":[{"embeddable":true,"href":"https:\/\/www.smilenishiki.com\/index.php?rest_route=\/wp\/v2\/media\/41"}],"wp:attachment":[{"href":"https:\/\/www.smilenishiki.com\/index.php?rest_route=%2Fwp%2Fv2%2Fmedia&parent=48"}],"wp:term":[{"taxonomy":"post_tag","embeddable":true,"href":"https:\/\/www.smilenishiki.com\/index.php?rest_route=%2Fwp%2Fv2%2Ftags&post=48"}],"curies":[{"name":"wp","href":"https:\/\/api.w.org\/{rel}","templated":true}]}}